{"id":285,"date":"2021-07-18T21:14:50","date_gmt":"2021-07-18T19:14:50","guid":{"rendered":"https:\/\/lamolierehaute.fr\/?page_id=285"},"modified":"2026-04-12T16:51:25","modified_gmt":"2026-04-12T16:51:25","slug":"activites-tourisme","status":"publish","type":"page","link":"https:\/\/gites-lamolierehaute.com\/en\/activites-tourisme\/","title":{"rendered":"Activities in the hamlet"},"content":{"rendered":"\n<p><strong> <\/strong><\/p>\n\n\n\n<p>NOUVEAU \u00e0 La Moli\u00e8re Haute  R\u00e9server votre massage<\/p>\n\n\n\n<p>Offrez-vous un moment de d\u00e9tente, un massage bien-\u00eatre aux huiles (mac\u00e9rations solaires). Gr\u00e2ce \u00e0 son exp\u00e9rience et son professionnalisme, Maria r\u00e9alisera un massage du corps type californien. Laiss\u00e9 vous guider par ses mains et vous ne penserez plus que d\u00e9tente et bien-\u00eatre . Massage d&rsquo;une heure, r\u00e9alis\u00e9 sur place \u00e0 partir de 2 personnes au tarif de 70\u20ac\/personne, r\u00e9servation au pr\u00e9alable.<\/p>\n\n\n\n<figure class=\"wp-block-image size-large\"><img decoding=\"async\" src=\"https:\/\/lamolierehaute.wordpress.com\/wp-content\/uploads\/2023\/06\/photo-massage.jpg?w=1024\" alt=\"\" class=\"wp-image-715\"\/><\/figure>\n\n\n\n<p><strong>Le terrain de p\u00e9tanque<\/strong><\/p>\n\n\n\n<p>Pour petits et grands le terrain de p\u00e9tanque est un lieu convivial, en famille ou entre amis le plaisir sera garanti. Nous mettons des boules de p\u00e9tanques \u00e0 disposition.<\/p>\n\n\n\n<figure class=\"wp-block-image size-large\"><img decoding=\"async\" src=\"https:\/\/lamolierehaute.wordpress.com\/wp-content\/uploads\/2023\/06\/20230519_122457.jpg?w=750\" alt=\"\" class=\"wp-image-665\"\/><\/figure>\n\n\n\n<p><\/p>\n\n\n\n<p><strong>Piscine et jacuzzi \u00e0 la <\/strong> <a href=\"https:\/\/lamolierehaute.fr\/cathedrale\/\" target=\"_blank\" rel=\"noopener\">Cath\u00e9drale<\/a><\/p>\n\n\n\n<figure class=\"wp-block-image size-large\"><img decoding=\"async\" src=\"https:\/\/lamolierehaute.wordpress.com\/wp-content\/uploads\/2023\/06\/20230519_155420.jpg?w=573\" alt=\"\" class=\"wp-image-669\"\/><\/figure>\n\n\n\n<p><\/p>\n\n\n\n<p class=\"has-normal-font-size\"><\/p>\n\n\n\n<p><\/p>\n\n\n\n<p><\/p>\n\n\n\n<p><\/p>\n\n\n\n<p class=\"has-normal-font-size\"><strong>Retrouver tous les jours l&rsquo;ensemble des \u00e9v\u00e8nements autour des g\u00eetes en suivant ces liens:<\/strong><\/p>\n\n\n\n<p class=\"has-text-align-center\"><strong><span style=\"text-decoration:underline\">AVEYRON<\/span><\/strong><\/p>\n\n\n\n<p class=\"has-text-align-center\"><span style=\"text-decoration:underline\">Ev\u00e8nements:<\/span><\/p>\n\n\n\n<figure class=\"wp-block-image aligncenter size-full is-style-default\"><a href=\"https:\/\/www.tourisme-aveyron.com\/fr\/evenements\/agenda-aveyron?ReactWay[currentPage]=1&amp;ReactWay[sortBy]=proximite&amp;ReactWay[commune]=43.9272~2.547829167~50~Plaisance&amp;ReactWay[geo]=44.34644018791789~3.137969970703125~43.50573291871012~1.9569396972656252\" target=\"_blank\" rel=\"noopener\"><img fetchpriority=\"high\" decoding=\"async\" width=\"351\" height=\"144\" src=\"https:\/\/lamolierehaute.wordpress.com\/wp-content\/uploads\/2021\/07\/telechargement.png\" alt=\"\" class=\"wp-image-319\" srcset=\"https:\/\/gites-lamolierehaute.com\/wp-content\/uploads\/2021\/07\/telechargement.png 351w, https:\/\/gites-lamolierehaute.com\/wp-content\/uploads\/2021\/07\/telechargement-300x123.png 300w, https:\/\/gites-lamolierehaute.com\/wp-content\/uploads\/2021\/07\/telechargement-18x7.png 18w\" sizes=\"(max-width: 351px) 100vw, 351px\" \/><\/a><\/figure>\n\n\n\n<p class=\"has-text-align-center\"><span style=\"text-decoration:underline\">A d\u00e9couvrir:<\/span><\/p>\n\n\n\n<figure class=\"wp-block-image aligncenter size-large is-style-default\"><a href=\"https:\/\/www.tourisme-aveyron.com\/fr\/decouvrir\/experiences-en-aveyron#filter=regaler\" target=\"_blank\" rel=\"noopener\"><img decoding=\"async\" width=\"351\" height=\"144\" src=\"https:\/\/lamolierehaute.wordpress.com\/wp-content\/uploads\/2021\/07\/telechargement.png?w=351\" alt=\"\" class=\"wp-image-319\" srcset=\"https:\/\/gites-lamolierehaute.com\/wp-content\/uploads\/2021\/07\/telechargement.png 351w, https:\/\/gites-lamolierehaute.com\/wp-content\/uploads\/2021\/07\/telechargement-300x123.png 300w, https:\/\/gites-lamolierehaute.com\/wp-content\/uploads\/2021\/07\/telechargement-18x7.png 18w\" sizes=\"(max-width: 351px) 100vw, 351px\" \/><\/a><\/figure>\n\n\n\n<p class=\"has-text-align-center\">TARN<\/p>\n\n\n\n<figure class=\"wp-block-image aligncenter size-large is-style-default\"><a href=\"https:\/\/www.valleedutarn-tourisme.com\/fr\/agenda\/tout-agenda?wei0%5Breactway0%5D=%7CLiAgenda_ToutV01%7CProximite%7C21%7C1%7CMoAgenda_ToutV01%7C%7C-Curvalle~43.916291~2.532810~10%7C%7CFO#Curvalle\" target=\"_blank\" rel=\"noopener\"><img decoding=\"async\" width=\"225\" height=\"225\" src=\"https:\/\/lamolierehaute.wordpress.com\/wp-content\/uploads\/2021\/07\/tarn.png?w=225\" alt=\"\" class=\"wp-image-331\" srcset=\"https:\/\/gites-lamolierehaute.com\/wp-content\/uploads\/2021\/07\/tarn.png 225w, https:\/\/gites-lamolierehaute.com\/wp-content\/uploads\/2021\/07\/tarn-150x150.png 150w, https:\/\/gites-lamolierehaute.com\/wp-content\/uploads\/2021\/07\/tarn-12x12.png 12w\" sizes=\"(max-width: 225px) 100vw, 225px\" \/><\/a><\/figure>\n\n\n\n<p><\/p>\n","protected":false},"excerpt":{"rendered":"<p>gites aveyron <\/p>","protected":false},"author":1,"featured_media":0,"parent":0,"menu_order":0,"comment_status":"closed","ping_status":"closed","template":"","meta":{"site-sidebar-layout":"default","site-content-layout":"","ast-site-content-layout":"default","site-content-style":"default","site-sidebar-style":"default","ast-global-header-display":"","ast-banner-title-visibility":"","ast-main-header-display":"","ast-hfb-above-header-display":"","ast-hfb-below-header-display":"","ast-hfb-mobile-header-display":"","site-post-title":"","ast-breadcrumbs-content":"","ast-featured-img":"","footer-sml-layout":"","ast-disable-related-posts":"","theme-transparent-header-meta":"","adv-header-id-meta":"","stick-header-meta":"","header-above-stick-meta":"","header-main-stick-meta":"","header-below-stick-meta":"","astra-migrate-meta-layouts":"default","ast-page-background-enabled":"default","ast-page-background-meta":{"desktop":{"background-color":"var(--ast-global-color-5)","background-image":"","background-repeat":"repeat","background-position":"center center","background-size":"auto","background-attachment":"scroll","background-type":"","background-media":"","overlay-type":"","overlay-color":"","overlay-opacity":"","overlay-gradient":""},"tablet":{"background-color":"","background-image":"","background-repeat":"repeat","background-position":"center center","background-size":"auto","background-attachment":"scroll","background-type":"","background-media":"","overlay-type":"","overlay-color":"","overlay-opacity":"","overlay-gradient":""},"mobile":{"background-color":"","background-image":"","background-repeat":"repeat","background-position":"center center","background-size":"auto","background-attachment":"scroll","background-type":"","background-media":"","overlay-type":"","overlay-color":"","overlay-opacity":"","overlay-gradient":""}},"ast-content-background-meta":{"desktop":{"background-color":"var(--ast-global-color-4)","background-image":"","background-repeat":"repeat","background-position":"center center","background-size":"auto","background-attachment":"scroll","background-type":"","background-media":"","overlay-type":"","overlay-color":"","overlay-opacity":"","overlay-gradient":""},"tablet":{"background-color":"var(--ast-global-color-4)","background-image":"","background-repeat":"repeat","background-position":"center center","background-size":"auto","background-attachment":"scroll","background-type":"","background-media":"","overlay-type":"","overlay-color":"","overlay-opacity":"","overlay-gradient":""},"mobile":{"background-color":"var(--ast-global-color-4)","background-image":"","background-repeat":"repeat","background-position":"center center","background-size":"auto","background-attachment":"scroll","background-type":"","background-media":"","overlay-type":"","overlay-color":"","overlay-opacity":"","overlay-gradient":""}},"footnotes":""},"class_list":["post-285","page","type-page","status-publish","hentry"],"_links":{"self":[{"href":"https:\/\/gites-lamolierehaute.com\/en\/wp-json\/wp\/v2\/pages\/285","targetHints":{"allow":["GET"]}}],"collection":[{"href":"https:\/\/gites-lamolierehaute.com\/en\/wp-json\/wp\/v2\/pages"}],"about":[{"href":"https:\/\/gites-lamolierehaute.com\/en\/wp-json\/wp\/v2\/types\/page"}],"author":[{"embeddable":true,"href":"https:\/\/gites-lamolierehaute.com\/en\/wp-json\/wp\/v2\/users\/1"}],"replies":[{"embeddable":true,"href":"https:\/\/gites-lamolierehaute.com\/en\/wp-json\/wp\/v2\/comments?post=285"}],"version-history":[{"count":2,"href":"https:\/\/gites-lamolierehaute.com\/en\/wp-json\/wp\/v2\/pages\/285\/revisions"}],"predecessor-version":[{"id":1017,"href":"https:\/\/gites-lamolierehaute.com\/en\/wp-json\/wp\/v2\/pages\/285\/revisions\/1017"}],"wp:attachment":[{"href":"https:\/\/gites-lamolierehaute.com\/en\/wp-json\/wp\/v2\/media?parent=285"}],"curies":[{"name":"wp","href":"https:\/\/api.w.org\/{rel}","templated":true}]}}