{"id":21,"date":"2026-01-03T15:07:47","date_gmt":"2026-01-03T15:07:47","guid":{"rendered":"https:\/\/gites-lamolierehaute.com\/?page_id=21"},"modified":"2026-04-12T16:19:28","modified_gmt":"2026-04-12T16:19:28","slug":"gites-la-cabane-2","status":"publish","type":"page","link":"https:\/\/gites-lamolierehaute.com\/en\/gites-la-cabane-2\/","title":{"rendered":"G\u00eetes la Cabane"},"content":{"rendered":"\t\t<div data-elementor-type=\"wp-page\" data-elementor-id=\"21\" class=\"elementor elementor-21\">\n\t\t\t\t<div class=\"elementor-element elementor-element-b7fa1e3 e-flex e-con-boxed e-con e-parent\" data-id=\"b7fa1e3\" data-element_type=\"container\" data-e-type=\"container\">\n\t\t\t\t\t<div class=\"e-con-inner\">\n\t\t\t\t<div class=\"elementor-element elementor-element-cd2915e elementor-widget elementor-widget-text-editor\" data-id=\"cd2915e\" data-element_type=\"widget\" data-e-type=\"widget\" data-widget_type=\"text-editor.default\">\n\t\t\t\t\t\t\t\t\t<div class=\"wp-block-cover alignfull is-light is-style-default\">\n<div class=\"wp-block-cover__inner-container\">\n<p><\/p>\n<div class=\"wp-block-group has-background-background-color has-background is-layout-flow wp-block-group-is-layout-flow\">\n<p><\/p>\n<blockquote class=\"wp-block-quote is-layout-flow wp-block-quote-is-layout-flow\">\n<p><\/p>\n<p>Le b\u00e2timent \u00ab La Cabane \u00bb servait autrefois d&rsquo;\u00e9curie.\u00a0Les animaux \u00e9taient en bas, \u00e0 l&rsquo;\u00e9tage sup\u00e9rieur, le foin \u00e9tait stock\u00e9, les animaux \u00e9taient nourris par des trous dans le sol.<\/p>\n<p>Aujourd&rsquo;hui les \u00e9curies ont \u00e9t\u00e9 transform\u00e9 en un g\u00eete de charme au d\u00e9cor campagne chic. Nich\u00e9 dans un \u00e9crin de verdure, vous pourrez profitez de ce lieu calme et apaisant.<\/p>\n<\/blockquote>\n<div class=\"wp-block-jetpack-slideshow aligncenter\" data-effect=\"slide\">\n<div class=\"wp-block-jetpack-slideshow_container swiper-container\">\n<div class=\"wp-block-jetpack-slideshow_pagination swiper-pagination swiper-pagination-white\">\u00a0<\/div>\n<\/div>\n<\/div>\n<p><\/p>\n<\/div>\n<p><\/p>\n<\/div>\n<\/div>\n<p><\/p>\n<p><\/p>\t\t\t\t\t\t\t\t<\/div>\n\t\t\t\t\t<\/div>\n\t\t\t\t<\/div>\n\t\t<div class=\"elementor-element elementor-element-be50e60 e-con-full e-flex e-con e-parent\" data-id=\"be50e60\" data-element_type=\"container\" data-e-type=\"container\" data-settings=\"{&quot;background_background&quot;:&quot;slideshow&quot;,&quot;background_slideshow_gallery&quot;:[{&quot;id&quot;:674,&quot;url&quot;:&quot;https:\\\/\\\/gites-lamolierehaute.com\\\/wp-content\\\/uploads\\\/2023\\\/06\\\/20230519_122623-scaled.jpg&quot;},{&quot;id&quot;:678,&quot;url&quot;:&quot;https:\\\/\\\/gites-lamolierehaute.com\\\/wp-content\\\/uploads\\\/2023\\\/06\\\/20230519_152307-scaled.jpg&quot;},{&quot;id&quot;:693,&quot;url&quot;:&quot;https:\\\/\\\/gites-lamolierehaute.com\\\/wp-content\\\/uploads\\\/2023\\\/06\\\/cuisine-1-scaled.jpg&quot;},{&quot;id&quot;:696,&quot;url&quot;:&quot;https:\\\/\\\/gites-lamolierehaute.com\\\/wp-content\\\/uploads\\\/2023\\\/06\\\/salle-deau-scaled.jpg&quot;},{&quot;id&quot;:710,&quot;url&quot;:&quot;https:\\\/\\\/gites-lamolierehaute.com\\\/wp-content\\\/uploads\\\/2023\\\/06\\\/20230519_120942-scaled.jpg&quot;},{&quot;id&quot;:659,&quot;url&quot;:&quot;https:\\\/\\\/gites-lamolierehaute.com\\\/wp-content\\\/uploads\\\/2023\\\/06\\\/20230519_120453-1-scaled.jpg&quot;},{&quot;id&quot;:990,&quot;url&quot;:&quot;https:\\\/\\\/gites-lamolierehaute.com\\\/wp-content\\\/uploads\\\/2026\\\/04\\\/20240808_114803-scaled.jpg&quot;},{&quot;id&quot;:997,&quot;url&quot;:&quot;https:\\\/\\\/gites-lamolierehaute.com\\\/wp-content\\\/uploads\\\/2026\\\/04\\\/20240808_114622-scaled.jpg&quot;},{&quot;id&quot;:995,&quot;url&quot;:&quot;https:\\\/\\\/gites-lamolierehaute.com\\\/wp-content\\\/uploads\\\/2026\\\/04\\\/20250627_161614-scaled.jpg&quot;},{&quot;id&quot;:994,&quot;url&quot;:&quot;https:\\\/\\\/gites-lamolierehaute.com\\\/wp-content\\\/uploads\\\/2026\\\/04\\\/20250627_161602-scaled.jpg&quot;}],&quot;background_slideshow_slide_duration&quot;:3000,&quot;background_slideshow_slide_transition&quot;:&quot;slide_left&quot;,&quot;background_slideshow_loop&quot;:&quot;yes&quot;,&quot;background_slideshow_transition_duration&quot;:500}\">\n\t\t\t\t<\/div>\n\t\t\t\t<\/div>\n\t\t","protected":false},"excerpt":{"rendered":"<p>Le b\u00e2timent \u00ab La Cabane \u00bb servait autrefois d&rsquo;\u00e9curie.\u00a0Les animaux \u00e9taient en bas, \u00e0 l&rsquo;\u00e9tage sup\u00e9rieur, le foin \u00e9tait stock\u00e9, [&hellip;]<\/p>\n","protected":false},"author":1,"featured_media":0,"parent":0,"menu_order":0,"comment_status":"closed","ping_status":"closed","template":"","meta":{"site-sidebar-layout":"no-sidebar","site-content-layout":"","ast-site-content-layout":"full-width-container","site-content-style":"default","site-sidebar-style":"default","ast-global-header-display":"","ast-banner-title-visibility":"","ast-main-header-display":"","ast-hfb-above-header-display":"","ast-hfb-below-header-display":"","ast-hfb-mobile-header-display":"","site-post-title":"disabled","ast-breadcrumbs-content":"","ast-featured-img":"disabled","footer-sml-layout":"","ast-disable-related-posts":"","theme-transparent-header-meta":"","adv-header-id-meta":"","stick-header-meta":"","header-above-stick-meta":"","header-main-stick-meta":"","header-below-stick-meta":"","astra-migrate-meta-layouts":"default","ast-page-background-enabled":"default","ast-page-background-meta":{"desktop":{"background-color":"var(--ast-global-color-5)","background-image":"","background-repeat":"repeat","background-position":"center center","background-size":"auto","background-attachment":"scroll","background-type":"","background-media":"","overlay-type":"","overlay-color":"","overlay-opacity":"","overlay-gradient":""},"tablet":{"background-color":"","background-image":"","background-repeat":"repeat","background-position":"center center","background-size":"auto","background-attachment":"scroll","background-type":"","background-media":"","overlay-type":"","overlay-color":"","overlay-opacity":"","overlay-gradient":""},"mobile":{"background-color":"","background-image":"","background-repeat":"repeat","background-position":"center center","background-size":"auto","background-attachment":"scroll","background-type":"","background-media":"","overlay-type":"","overlay-color":"","overlay-opacity":"","overlay-gradient":""}},"ast-content-background-meta":{"desktop":{"background-color":"var(--ast-global-color-4)","background-image":"","background-repeat":"repeat","background-position":"center center","background-size":"auto","background-attachment":"scroll","background-type":"","background-media":"","overlay-type":"","overlay-color":"","overlay-opacity":"","overlay-gradient":""},"tablet":{"background-color":"var(--ast-global-color-4)","background-image":"","background-repeat":"repeat","background-position":"center center","background-size":"auto","background-attachment":"scroll","background-type":"","background-media":"","overlay-type":"","overlay-color":"","overlay-opacity":"","overlay-gradient":""},"mobile":{"background-color":"var(--ast-global-color-4)","background-image":"","background-repeat":"repeat","background-position":"center center","background-size":"auto","background-attachment":"scroll","background-type":"","background-media":"","overlay-type":"","overlay-color":"","overlay-opacity":"","overlay-gradient":""}},"footnotes":""},"class_list":["post-21","page","type-page","status-publish","hentry"],"_links":{"self":[{"href":"https:\/\/gites-lamolierehaute.com\/en\/wp-json\/wp\/v2\/pages\/21","targetHints":{"allow":["GET"]}}],"collection":[{"href":"https:\/\/gites-lamolierehaute.com\/en\/wp-json\/wp\/v2\/pages"}],"about":[{"href":"https:\/\/gites-lamolierehaute.com\/en\/wp-json\/wp\/v2\/types\/page"}],"author":[{"embeddable":true,"href":"https:\/\/gites-lamolierehaute.com\/en\/wp-json\/wp\/v2\/users\/1"}],"replies":[{"embeddable":true,"href":"https:\/\/gites-lamolierehaute.com\/en\/wp-json\/wp\/v2\/comments?post=21"}],"version-history":[{"count":13,"href":"https:\/\/gites-lamolierehaute.com\/en\/wp-json\/wp\/v2\/pages\/21\/revisions"}],"predecessor-version":[{"id":1008,"href":"https:\/\/gites-lamolierehaute.com\/en\/wp-json\/wp\/v2\/pages\/21\/revisions\/1008"}],"wp:attachment":[{"href":"https:\/\/gites-lamolierehaute.com\/en\/wp-json\/wp\/v2\/media?parent=21"}],"curies":[{"name":"wp","href":"https:\/\/api.w.org\/{rel}","templated":true}]}}