{"id":209,"date":"2021-07-12T17:11:07","date_gmt":"2021-07-12T15:11:07","guid":{"rendered":"https:\/\/lamolierehaute.fr\/?page_id=209"},"modified":"2026-03-13T15:21:09","modified_gmt":"2026-03-13T15:21:09","slug":"cathedrale","status":"publish","type":"page","link":"https:\/\/gites-lamolierehaute.com\/en\/cathedrale\/","title":{"rendered":"Cathedral"},"content":{"rendered":"<div data-elementor-type=\"wp-page\" data-elementor-id=\"209\" class=\"elementor elementor-209\">\n\t\t\t\t<div class=\"elementor-element elementor-element-2bf86eb e-flex e-con-boxed e-con e-parent\" data-id=\"2bf86eb\" data-element_type=\"container\" data-e-type=\"container\">\n\t\t\t\t\t<div class=\"e-con-inner\">\n\t\t\t\t<div class=\"elementor-element elementor-element-52887bd elementor-widget elementor-widget-text-editor\" data-id=\"52887bd\" data-element_type=\"widget\" data-e-type=\"widget\" data-widget_type=\"text-editor.default\">\n\t\t\t\t\t\t\t\t\t<p><\/p>\n<div class=\"wp-block-cover alignfull is-light is-style-default is-layout-flow wp-block-cover-is-layout-flow\" style=\"min-height: 2242px;aspect-ratio:unset;\">\n<div class=\"wp-block-cover__inner-container\">\n<div class=\"wp-block-group has-background-background-color has-background\">\n<p class=\"has-text-align-center has-foreground-color has-background-background-color has-text-color has-background\" style=\"font-size: 36px; line-height: 1.4;\"><strong><mark class=\"has-inline-color has-foreground-color\" style=\"background-color: rgba(0, 0, 0, 0);\">PISCINE SPA<\/mark><\/strong><\/p>\n\n<p class=\"has-foreground-color has-background-background-color has-text-color has-background\" style=\"font-size: 18px; line-height: 1.4;\">La cath\u00e9drale ne doit pas son nom \u00e0 son apparence mais \u00e0 la construction typique des granges en pierres de Moli\u00e8re.\u00a0<\/p>\n\n<p class=\"has-foreground-color has-background-background-color has-text-color has-background\" style=\"font-size: 18px; line-height: 1.4;\">C&rsquo;est un b\u00e2timent unique dans la r\u00e9gion!<\/p>\n\n<p class=\"has-foreground-color has-background-background-color has-text-color has-background\" style=\"font-size: 18px; line-height: 1.4;\">Lieu de d\u00e9tente dans un d\u00e9cor typique, avec ses somptueuses voutes. Vous pouvez ainsi profiter de la piscine chauff\u00e9e par des panneaux solaires et une pompe \u00e0 chaleur, et du jacuzzi qui est maintenu \u00e0 une temp\u00e9rature variant entre 36 et 38\u00b0C.<\/p>\n\n<p class=\"has-foreground-color has-background-background-color has-text-color has-background\" style=\"font-size: 18px; line-height: 1.4;\">Ce lieu est accessible pour les locataires des g\u00eetes uniquement.<\/p>\n\n<p class=\"has-foreground-color has-background-background-color has-text-color has-background\" style=\"font-size: 18px; line-height: 1.4;\">Vous trouverez \u00e9galement un coin bar, et un jeu de fl\u00e9chettes.<\/p>\n<\/div>\n<\/div>\n<\/div>\n<p><\/p>\t\t\t\t\t\t\t\t<\/div>\n\t\t\t\t\t<\/div>\n\t\t\t\t<\/div>\n\t\t<div class=\"elementor-element elementor-element-7843fb16 e-flex e-con-boxed e-con e-parent\" data-id=\"7843fb16\" data-element_type=\"container\" data-e-type=\"container\">\n\t\t\t\t\t<div class=\"e-con-inner\">\n\t\t\t\t<div class=\"elementor-element elementor-element-1760f147 elementor-widget elementor-widget-text-editor\" data-id=\"1760f147\" data-element_type=\"widget\" data-e-type=\"widget\" data-widget_type=\"text-editor.default\">\n\t\t\t\t\t\t\t\t\t\n<div class=\"wp-block-cover alignfull is-light is-style-default is-layout-flow wp-block-cover-is-layout-flow\" style=\"min-height: 2242px;aspect-ratio:unset;\">\n<div class=\"wp-block-cover__inner-container\">\n<div class=\"wp-block-group has-background-background-color has-background\">\n<p class=\"has-text-align-center has-foreground-color has-background-background-color has-text-color has-background\" style=\"font-size: 36px; line-height: 1.4;\"><strong><mark class=\"has-inline-color has-foreground-color\" style=\"background-color: rgba(0, 0, 0, 0);\">PISCINE SPA<\/mark><\/strong><\/p>\n\n<p class=\"has-foreground-color has-background-background-color has-text-color has-background\" style=\"font-size: 18px; line-height: 1.4;\">La cath\u00e9drale ne doit pas son nom \u00e0 son apparence mais \u00e0 la construction typique des granges en pierres de Moli\u00e8re.\u00a0<\/p>\n\n<p class=\"has-foreground-color has-background-background-color has-text-color has-background\" style=\"font-size: 18px; line-height: 1.4;\">C&rsquo;est un b\u00e2timent unique dans la r\u00e9gion!<\/p>\n\n<p class=\"has-foreground-color has-background-background-color has-text-color has-background\" style=\"font-size: 18px; line-height: 1.4;\">Lieu de d\u00e9tente dans un d\u00e9cor typique, avec ses somptueuses voutes. Vous pouvez ainsi profiter de la piscine chauff\u00e9e par des panneaux solaires et une pompe \u00e0 chaleur, et du jacuzzi qui est maintenu \u00e0 une temp\u00e9rature variant entre 36 et 38\u00b0C.<\/p>\n\n<p class=\"has-foreground-color has-background-background-color has-text-color has-background\" style=\"font-size: 18px; line-height: 1.4;\">Ce lieu est accessible pour les locataires des g\u00eetes uniquement.<\/p>\n\n<p class=\"has-foreground-color has-background-background-color has-text-color has-background\" style=\"font-size: 18px; line-height: 1.4;\">Vous trouverez \u00e9galement un coin bar, et un jeu de fl\u00e9chettes.<\/p>\n<\/div>\n<\/div>\n<\/div>\n\t\t\t\t\t\t\t\t<\/div>\n\t\t\t\t\t<\/div>\n\t\t\t\t<\/div>\n\t\t\t\t<\/div>","protected":false},"excerpt":{"rendered":"<p>gites aveyron <\/p>","protected":false},"author":1,"featured_media":0,"parent":0,"menu_order":0,"comment_status":"closed","ping_status":"closed","template":"","meta":{"site-sidebar-layout":"default","site-content-layout":"","ast-site-content-layout":"full-width-container","site-content-style":"default","site-sidebar-style":"default","ast-global-header-display":"","ast-banner-title-visibility":"disabled","ast-main-header-display":"","ast-hfb-above-header-display":"","ast-hfb-below-header-display":"","ast-hfb-mobile-header-display":"","site-post-title":"disabled","ast-breadcrumbs-content":"","ast-featured-img":"","footer-sml-layout":"","ast-disable-related-posts":"","theme-transparent-header-meta":"","adv-header-id-meta":"","stick-header-meta":"","header-above-stick-meta":"","header-main-stick-meta":"","header-below-stick-meta":"","astra-migrate-meta-layouts":"default","ast-page-background-enabled":"default","ast-page-background-meta":{"desktop":{"background-color":"var(--ast-global-color-5)","background-image":"","background-repeat":"repeat","background-position":"center center","background-size":"auto","background-attachment":"scroll","background-type":"","background-media":"","overlay-type":"","overlay-color":"","overlay-opacity":"","overlay-gradient":""},"tablet":{"background-color":"","background-image":"","background-repeat":"repeat","background-position":"center center","background-size":"auto","background-attachment":"scroll","background-type":"","background-media":"","overlay-type":"","overlay-color":"","overlay-opacity":"","overlay-gradient":""},"mobile":{"background-color":"","background-image":"","background-repeat":"repeat","background-position":"center center","background-size":"auto","background-attachment":"scroll","background-type":"","background-media":"","overlay-type":"","overlay-color":"","overlay-opacity":"","overlay-gradient":""}},"ast-content-background-meta":{"desktop":{"background-color":"var(--ast-global-color-4)","background-image":"","background-repeat":"repeat","background-position":"center center","background-size":"auto","background-attachment":"scroll","background-type":"","background-media":"","overlay-type":"","overlay-color":"","overlay-opacity":"","overlay-gradient":""},"tablet":{"background-color":"var(--ast-global-color-4)","background-image":"","background-repeat":"repeat","background-position":"center center","background-size":"auto","background-attachment":"scroll","background-type":"","background-media":"","overlay-type":"","overlay-color":"","overlay-opacity":"","overlay-gradient":""},"mobile":{"background-color":"var(--ast-global-color-4)","background-image":"","background-repeat":"repeat","background-position":"center center","background-size":"auto","background-attachment":"scroll","background-type":"","background-media":"","overlay-type":"","overlay-color":"","overlay-opacity":"","overlay-gradient":""}},"footnotes":""},"class_list":["post-209","page","type-page","status-publish","hentry"],"_links":{"self":[{"href":"https:\/\/gites-lamolierehaute.com\/en\/wp-json\/wp\/v2\/pages\/209","targetHints":{"allow":["GET"]}}],"collection":[{"href":"https:\/\/gites-lamolierehaute.com\/en\/wp-json\/wp\/v2\/pages"}],"about":[{"href":"https:\/\/gites-lamolierehaute.com\/en\/wp-json\/wp\/v2\/types\/page"}],"author":[{"embeddable":true,"href":"https:\/\/gites-lamolierehaute.com\/en\/wp-json\/wp\/v2\/users\/1"}],"replies":[{"embeddable":true,"href":"https:\/\/gites-lamolierehaute.com\/en\/wp-json\/wp\/v2\/comments?post=209"}],"version-history":[{"count":40,"href":"https:\/\/gites-lamolierehaute.com\/en\/wp-json\/wp\/v2\/pages\/209\/revisions"}],"predecessor-version":[{"id":969,"href":"https:\/\/gites-lamolierehaute.com\/en\/wp-json\/wp\/v2\/pages\/209\/revisions\/969"}],"wp:attachment":[{"href":"https:\/\/gites-lamolierehaute.com\/en\/wp-json\/wp\/v2\/media?parent=209"}],"curies":[{"name":"wp","href":"https:\/\/api.w.org\/{rel}","templated":true}]}}